{"id":20,"date":"2026-03-01T13:18:49","date_gmt":"2026-03-01T13:18:49","guid":{"rendered":"https:\/\/axisyachtazores.com\/?page_id=20"},"modified":"2026-03-10T17:47:13","modified_gmt":"2026-03-10T17:47:13","slug":"servicos","status":"publish","type":"page","link":"https:\/\/axisyachtazores.com\/en\/servicos\/","title":{"rendered":"Services"},"content":{"rendered":"<div data-elementor-type=\"wp-page\" data-elementor-id=\"20\" class=\"elementor elementor-20\" data-elementor-post-type=\"page\">\n\t\t\t\t<div class=\"elementor-element elementor-element-60d4e40 e-con-full e-flex e-con e-parent\" data-id=\"60d4e40\" data-element_type=\"container\" data-e-type=\"container\" data-settings=\"{&quot;background_background&quot;:&quot;classic&quot;}\">\n\t\t\t\t<div class=\"elementor-element elementor-element-c35f7d6 elementor-widget elementor-widget-image\" data-id=\"c35f7d6\" data-element_type=\"widget\" data-e-type=\"widget\" data-widget_type=\"image.default\">\n\t\t\t\t\t\t\t\t\t\t\t\t\t\t\t<img fetchpriority=\"high\" decoding=\"async\" width=\"800\" height=\"106\" src=\"https:\/\/axisyachtazores.com\/wp-content\/uploads\/2026\/03\/93538072_Waveshapebackground-3-3.svg\" class=\"attachment-large size-large wp-image-115\" alt=\"\" \/>\t\t\t\t\t\t\t\t\t\t\t\t\t\t\t<\/div>\n\t\t<div class=\"elementor-element elementor-element-2dd0426 e-flex e-con-boxed e-con e-child\" data-id=\"2dd0426\" data-element_type=\"container\" data-e-type=\"container\" data-settings=\"{&quot;position&quot;:&quot;absolute&quot;,&quot;background_background&quot;:&quot;classic&quot;}\">\n\t\t\t\t\t<div class=\"e-con-inner\">\n\t\t<div class=\"elementor-element elementor-element-7bd2381 e-con-full e-flex e-con e-child\" data-id=\"7bd2381\" data-element_type=\"container\" data-e-type=\"container\" data-settings=\"{&quot;background_background&quot;:&quot;classic&quot;}\">\n\t\t\t\t<div class=\"elementor-element elementor-element-7e6771a elementor-widget elementor-widget-heading\" data-id=\"7e6771a\" data-element_type=\"widget\" data-e-type=\"widget\" data-widget_type=\"heading.default\">\n\t\t\t\t\t<h1 class=\"elementor-heading-title elementor-size-default\">Services<\/h1>\t\t\t\t<\/div>\n\t\t\t\t<\/div>\n\t\t\t\t\t<\/div>\n\t\t\t\t<\/div>\n\t\t\t\t<\/div>\n\t\t<div class=\"elementor-element elementor-element-8ffe740 e-flex e-con-boxed e-con e-parent\" data-id=\"8ffe740\" data-element_type=\"container\" data-e-type=\"container\" data-settings=\"{&quot;background_background&quot;:&quot;classic&quot;}\">\n\t\t\t\t\t<div class=\"e-con-inner\">\n\t\t<div class=\"elementor-element elementor-element-9a70529 e-con-full e-flex e-con e-child\" data-id=\"9a70529\" data-element_type=\"container\" data-e-type=\"container\" data-settings=\"{&quot;background_background&quot;:&quot;gradient&quot;,&quot;position&quot;:&quot;absolute&quot;}\">\n\t\t\t\t<\/div>\n\t\t<div class=\"elementor-element elementor-element-9d24dab e-con-full e-flex e-con e-child\" data-id=\"9d24dab\" data-element_type=\"container\" data-e-type=\"container\">\n\t\t<div class=\"elementor-element elementor-element-b792cd2 e-con-full e-flex e-con e-child\" data-id=\"b792cd2\" data-element_type=\"container\" data-e-type=\"container\">\n\t\t\t\t<div class=\"elementor-element elementor-element-01006a5 elementor-widget elementor-widget-text-editor\" data-id=\"01006a5\" data-element_type=\"widget\" data-e-type=\"widget\" data-widget_type=\"text-editor.default\">\n\t\t\t\t\t\t\t\t\t<h2>Maritime Agency<\/h2>\t\t\t\t\t\t\t\t<\/div>\n\t\t\t\t<div class=\"elementor-element elementor-element-03b94c8 elementor-widget elementor-widget-text-editor\" data-id=\"03b94c8\" data-element_type=\"widget\" data-e-type=\"widget\" data-widget_type=\"text-editor.default\">\n\t\t\t\t\t\t\t\t\t<p>We provide comprehensive agency services, guaranteeing operational, logistical, and administrative support to vessels and their respective owners. We coordinate every detail with precision, ensuring safe and efficient operations.<\/p><p>Including:<\/p><ul><li>Customs \u2013 Handling customs formalities<\/li><li>Berth Booking \u2013 Dock reservation and port coordination<\/li><li>Provisioning \u2013 Technical and logistical supply<\/li><li>Customized itineraries \u2013 Personalized route planning<\/li><li>Bunkering &amp; Additives \u2013 Supply of fuel and additives<\/li><\/ul>\t\t\t\t\t\t\t\t<\/div>\n\t\t\t\t<div class=\"elementor-element elementor-element-332d9d9 elementor-widget elementor-widget-button\" data-id=\"332d9d9\" data-element_type=\"widget\" data-e-type=\"widget\" data-widget_type=\"button.default\">\n\t\t\t\t\t\t\t\t\t\t<a class=\"elementor-button elementor-button-link elementor-size-sm\" href=\"\/en\/contactos\/\">\n\t\t\t\t\t\t<span class=\"elementor-button-content-wrapper\">\n\t\t\t\t\t\t<span class=\"elementor-button-icon\">\n\t\t\t\t<svg aria-hidden=\"true\" class=\"e-font-icon-svg e-fas-angle-right\" viewbox=\"0 0 256 512\" xmlns=\"http:\/\/www.w3.org\/2000\/svg\"><path d=\"M224.3 273l-136 136c-9.4 9.4-24.6 9.4-33.9 0l-22.6-22.6c-9.4-9.4-9.4-24.6 0-33.9l96.4-96.4-96.4-96.4c-9.4-9.4-9.4-24.6 0-33.9L54.3 103c9.4-9.4 24.6-9.4 33.9 0l136 136c9.5 9.4 9.5 24.6.1 34z\"><\/path><\/svg>\t\t\t<\/span>\n\t\t\t\t\t\t\t\t\t<span class=\"elementor-button-text\">Learn More<\/span>\n\t\t\t\t\t<\/span>\n\t\t\t\t\t<\/a>\n\t\t\t\t\t\t\t\t<\/div>\n\t\t\t\t<\/div>\n\t\t\t\t<\/div>\n\t\t\t\t\t<\/div>\n\t\t\t\t<\/div>\n\t\t<div class=\"elementor-element elementor-element-9eb8ca9 e-flex e-con-boxed e-con e-parent\" data-id=\"9eb8ca9\" data-element_type=\"container\" data-e-type=\"container\" data-settings=\"{&quot;background_background&quot;:&quot;classic&quot;}\">\n\t\t\t\t\t<div class=\"e-con-inner\">\n\t\t<div class=\"elementor-element elementor-element-9647d7c e-con-full e-flex e-con e-child\" data-id=\"9647d7c\" data-element_type=\"container\" data-e-type=\"container\" data-settings=\"{&quot;background_background&quot;:&quot;gradient&quot;,&quot;position&quot;:&quot;absolute&quot;}\">\n\t\t\t\t<\/div>\n\t\t<div class=\"elementor-element elementor-element-3e1e6ea e-con-full e-flex e-con e-child\" data-id=\"3e1e6ea\" data-element_type=\"container\" data-e-type=\"container\">\n\t\t<div class=\"elementor-element elementor-element-6915651 e-con-full e-flex e-con e-child\" data-id=\"6915651\" data-element_type=\"container\" data-e-type=\"container\">\n\t\t\t\t<div class=\"elementor-element elementor-element-68e87b8 elementor-widget elementor-widget-text-editor\" data-id=\"68e87b8\" data-element_type=\"widget\" data-e-type=\"widget\" data-widget_type=\"text-editor.default\">\n\t\t\t\t\t\t\t\t\t<h2>Expert Services<\/h2>\t\t\t\t\t\t\t\t<\/div>\n\t\t\t\t<div class=\"elementor-element elementor-element-5b4948c elementor-widget elementor-widget-text-editor\" data-id=\"5b4948c\" data-element_type=\"widget\" data-e-type=\"widget\" data-widget_type=\"text-editor.default\">\n\t\t\t\t\t\t\t\t\t<p>We conduct specialized technical assessments through a professional certified as a Lloyd\u2019s Register Qualified Surveyor.<\/p><p>We guarantee:<\/p><ul><li>Rigorous technical assessments<\/li><li>Detailed reports and certificates<\/li><li>International recognition<\/li><li>Credibility with insurance companies and regulatory bodies<\/li><\/ul><p><br \/>Our intervention ensures transparency, legal certainty, and technical reliability in every step.<\/p>\t\t\t\t\t\t\t\t<\/div>\n\t\t\t\t<div class=\"elementor-element elementor-element-30a7898 elementor-widget elementor-widget-button\" data-id=\"30a7898\" data-element_type=\"widget\" data-e-type=\"widget\" data-widget_type=\"button.default\">\n\t\t\t\t\t\t\t\t\t\t<a class=\"elementor-button elementor-button-link elementor-size-sm\" href=\"\/en\/contactos\/\">\n\t\t\t\t\t\t<span class=\"elementor-button-content-wrapper\">\n\t\t\t\t\t\t<span class=\"elementor-button-icon\">\n\t\t\t\t<svg aria-hidden=\"true\" class=\"e-font-icon-svg e-fas-angle-right\" viewbox=\"0 0 256 512\" xmlns=\"http:\/\/www.w3.org\/2000\/svg\"><path d=\"M224.3 273l-136 136c-9.4 9.4-24.6 9.4-33.9 0l-22.6-22.6c-9.4-9.4-9.4-24.6 0-33.9l96.4-96.4-96.4-96.4c-9.4-9.4-9.4-24.6 0-33.9L54.3 103c9.4-9.4 24.6-9.4 33.9 0l136 136c9.5 9.4 9.5 24.6.1 34z\"><\/path><\/svg>\t\t\t<\/span>\n\t\t\t\t\t\t\t\t\t<span class=\"elementor-button-text\">Learn more<\/span>\n\t\t\t\t\t<\/span>\n\t\t\t\t\t<\/a>\n\t\t\t\t\t\t\t\t<\/div>\n\t\t\t\t<\/div>\n\t\t\t\t<\/div>\n\t\t\t\t\t<\/div>\n\t\t\t\t<\/div>\n\t\t<div class=\"elementor-element elementor-element-a6c56fe e-con-full e-flex e-con e-parent\" data-id=\"a6c56fe\" data-element_type=\"container\" data-e-type=\"container\">\n\t\t\t\t<div class=\"elementor-element elementor-element-0f44a26 elementor-widget elementor-widget-shortcode\" data-id=\"0f44a26\" data-element_type=\"widget\" data-e-type=\"widget\" data-widget_type=\"shortcode.default\">\n\t\t\t\t\t\t\t<div class=\"elementor-shortcode\">\t\t<div data-elementor-type=\"container\" data-elementor-id=\"174\" class=\"elementor elementor-174\" data-elementor-post-type=\"elementor_library\">\n\t\t\t\t<div class=\"elementor-element elementor-element-424ddf53 e-con-full e-flex e-con e-parent\" data-id=\"424ddf53\" data-element_type=\"container\" data-e-type=\"container\">\n\t\t<div class=\"elementor-element elementor-element-7575ec87 e-con-full e-flex e-con e-child\" data-id=\"7575ec87\" data-element_type=\"container\" data-e-type=\"container\" data-settings=\"{&quot;background_background&quot;:&quot;classic&quot;}\">\n\t\t\t\t<\/div>\n\t\t<div class=\"elementor-element elementor-element-3eda8bd5 e-con-full e-flex e-con e-child\" data-id=\"3eda8bd5\" data-element_type=\"container\" data-e-type=\"container\">\n\t\t\t\t<div class=\"elementor-element elementor-element-3bac908d elementor-widget elementor-widget-text-editor\" data-id=\"3bac908d\" data-element_type=\"widget\" data-e-type=\"widget\" data-widget_type=\"text-editor.default\">\n\t\t\t\t\t\t\t\t\t<h2 class=\"translation-block\">Ready to <strong>experience the Azores<\/strong>  from the sea?<\/h2>\t\t\t\t\t\t\t\t<\/div>\n\t\t\t\t<div class=\"elementor-element elementor-element-22eeab4f elementor-widget elementor-widget-text-editor\" data-id=\"22eeab4f\" data-element_type=\"widget\" data-e-type=\"widget\" data-widget_type=\"text-editor.default\">\n\t\t\t\t\t\t\t\t\t<p class=\"translation-block\">Get in touch with us and discover how our <strong>professional services and exclusive experiences<\/strong> can provide unique moments while sailing through the Azores.<\/p>\t\t\t\t\t\t\t\t<\/div>\n\t\t\t\t<div class=\"elementor-element elementor-element-1ebcfba5 elementor-widget elementor-widget-button\" data-id=\"1ebcfba5\" data-element_type=\"widget\" data-e-type=\"widget\" data-widget_type=\"button.default\">\n\t\t\t\t\t\t\t\t\t\t<a class=\"elementor-button elementor-button-link elementor-size-sm\" href=\"\/en\/contactos\/\">\n\t\t\t\t\t\t<span class=\"elementor-button-content-wrapper\">\n\t\t\t\t\t\t<span class=\"elementor-button-icon\">\n\t\t\t\t<svg aria-hidden=\"true\" class=\"e-font-icon-svg e-fas-angle-right\" viewbox=\"0 0 256 512\" xmlns=\"http:\/\/www.w3.org\/2000\/svg\"><path d=\"M224.3 273l-136 136c-9.4 9.4-24.6 9.4-33.9 0l-22.6-22.6c-9.4-9.4-9.4-24.6 0-33.9l96.4-96.4-96.4-96.4c-9.4-9.4-9.4-24.6 0-33.9L54.3 103c9.4-9.4 24.6-9.4 33.9 0l136 136c9.5 9.4 9.5 24.6.1 34z\"><\/path><\/svg>\t\t\t<\/span>\n\t\t\t\t\t\t\t\t\t<span class=\"elementor-button-text\">Contact Us Now<\/span>\n\t\t\t\t\t<\/span>\n\t\t\t\t\t<\/a>\n\t\t\t\t\t\t\t\t<\/div>\n\t\t\t\t<\/div>\n\t\t\t\t<\/div>\n\t\t\t\t<\/div>\n\t\t<\/div>\n\t\t\t\t\t\t<\/div>\n\t\t\t\t<\/div>\n\t\t\t\t<\/div>","protected":false},"excerpt":{"rendered":"<p>Servi\u00e7os Ag\u00eanciamento Mar\u00edtimo Prestamos servi\u00e7os completos de agenciamento, assegurando apoio operacional, log\u00edstico e administrativo \u00e0s embarca\u00e7\u00f5es e respetivos armadores. Coordenamos cada detalhe com precis\u00e3o, garantindo opera\u00e7\u00f5es seguras e eficientes. Inclui: Customs \u2013 Tratamento de formalidades aduaneiras Berth Booking \u2013 Reserva de cais e coordena\u00e7\u00e3o portu\u00e1ria Provisioning \u2013 Abastecimento t\u00e9cnico e log\u00edstico Personalized Itineraries \u2013 Planeamento [&hellip;]<\/p>\n","protected":false},"author":1,"featured_media":0,"parent":0,"menu_order":0,"comment_status":"closed","ping_status":"closed","template":"","meta":{"footnotes":""},"class_list":["post-20","page","type-page","status-publish","hentry"],"yoast_head":"<!-- This site is optimized with the Yoast SEO Premium plugin v27.0 (Yoast SEO v27.0) - https:\/\/yoast.com\/product\/yoast-seo-premium-wordpress\/ -->\n<title>Servi\u00e7os - Yacht Azores<\/title>\n<meta name=\"robots\" content=\"index, follow, max-snippet:-1, max-image-preview:large, max-video-preview:-1\" \/>\n<link rel=\"canonical\" href=\"https:\/\/axisyachtazores.com\/en\/servicos\/\" \/>\n<meta property=\"og:locale\" content=\"en_GB\" \/>\n<meta property=\"og:type\" content=\"article\" \/>\n<meta property=\"og:title\" content=\"Servi\u00e7os\" \/>\n<meta property=\"og:description\" content=\"Servi\u00e7os Ag\u00eanciamento Mar\u00edtimo Prestamos servi\u00e7os completos de agenciamento, assegurando apoio operacional, log\u00edstico e administrativo \u00e0s embarca\u00e7\u00f5es e respetivos armadores. Coordenamos cada detalhe com precis\u00e3o, garantindo opera\u00e7\u00f5es seguras e eficientes. Inclui: Customs \u2013 Tratamento de formalidades aduaneiras Berth Booking \u2013 Reserva de cais e coordena\u00e7\u00e3o portu\u00e1ria Provisioning \u2013 Abastecimento t\u00e9cnico e log\u00edstico Personalized Itineraries \u2013 Planeamento [&hellip;]\" \/>\n<meta property=\"og:url\" content=\"https:\/\/axisyachtazores.com\/en\/servicos\/\" \/>\n<meta property=\"og:site_name\" content=\"Yacht Azores\" \/>\n<meta property=\"article:modified_time\" content=\"2026-03-10T17:47:13+00:00\" \/>\n<meta name=\"twitter:card\" content=\"summary_large_image\" \/>\n<meta name=\"twitter:label1\" content=\"Estimated reading time\" \/>\n\t<meta name=\"twitter:data1\" content=\"1 minute\" \/>\n<script type=\"application\/ld+json\" class=\"yoast-schema-graph\">{\"@context\":\"https:\/\/schema.org\",\"@graph\":[{\"@type\":\"WebPage\",\"@id\":\"https:\/\/axisyachtazores.com\/servicos\/\",\"url\":\"https:\/\/axisyachtazores.com\/servicos\/\",\"name\":\"Servi\u00e7os - Yacht Azores\",\"isPartOf\":{\"@id\":\"https:\/\/axisyachtazores.com\/#website\"},\"primaryImageOfPage\":{\"@id\":\"https:\/\/axisyachtazores.com\/servicos\/#primaryimage\"},\"image\":{\"@id\":\"https:\/\/axisyachtazores.com\/servicos\/#primaryimage\"},\"thumbnailUrl\":\"https:\/\/axisyachtazores.com\/wp-content\/uploads\/2026\/03\/93538072_Waveshapebackground-3-3.svg\",\"datePublished\":\"2026-03-01T13:18:49+00:00\",\"dateModified\":\"2026-03-10T17:47:13+00:00\",\"breadcrumb\":{\"@id\":\"https:\/\/axisyachtazores.com\/servicos\/#breadcrumb\"},\"inLanguage\":\"en-GB\",\"potentialAction\":[{\"@type\":\"ReadAction\",\"target\":[\"https:\/\/axisyachtazores.com\/servicos\/\"]}]},{\"@type\":\"ImageObject\",\"inLanguage\":\"en-GB\",\"@id\":\"https:\/\/axisyachtazores.com\/servicos\/#primaryimage\",\"url\":\"https:\/\/axisyachtazores.com\/wp-content\/uploads\/2026\/03\/93538072_Waveshapebackground-3-3.svg\",\"contentUrl\":\"https:\/\/axisyachtazores.com\/wp-content\/uploads\/2026\/03\/93538072_Waveshapebackground-3-3.svg\"},{\"@type\":\"BreadcrumbList\",\"@id\":\"https:\/\/axisyachtazores.com\/servicos\/#breadcrumb\",\"itemListElement\":[{\"@type\":\"ListItem\",\"position\":1,\"name\":\"Home\",\"item\":\"https:\/\/axisyachtazores.com\/\"},{\"@type\":\"ListItem\",\"position\":2,\"name\":\"Servi\u00e7os\"}]},{\"@type\":\"WebSite\",\"@id\":\"https:\/\/axisyachtazores.com\/#website\",\"url\":\"https:\/\/axisyachtazores.com\/\",\"name\":\"Yacht Azores\",\"description\":\"\",\"potentialAction\":[{\"@type\":\"SearchAction\",\"target\":{\"@type\":\"EntryPoint\",\"urlTemplate\":\"https:\/\/axisyachtazores.com\/?s={search_term_string}\"},\"query-input\":{\"@type\":\"PropertyValueSpecification\",\"valueRequired\":true,\"valueName\":\"search_term_string\"}}],\"inLanguage\":\"en-GB\"}]}<\/script>\n<!-- \/ Yoast SEO Premium plugin. -->","yoast_head_json":{"title":"Servi\u00e7os - Yacht Azores","robots":{"index":"index","follow":"follow","max-snippet":"max-snippet:-1","max-image-preview":"max-image-preview:large","max-video-preview":"max-video-preview:-1"},"canonical":"https:\/\/axisyachtazores.com\/en\/servicos\/","og_locale":"en_GB","og_type":"article","og_title":"Servi\u00e7os","og_description":"Servi\u00e7os Ag\u00eanciamento Mar\u00edtimo Prestamos servi\u00e7os completos de agenciamento, assegurando apoio operacional, log\u00edstico e administrativo \u00e0s embarca\u00e7\u00f5es e respetivos armadores. Coordenamos cada detalhe com precis\u00e3o, garantindo opera\u00e7\u00f5es seguras e eficientes. Inclui: Customs \u2013 Tratamento de formalidades aduaneiras Berth Booking \u2013 Reserva de cais e coordena\u00e7\u00e3o portu\u00e1ria Provisioning \u2013 Abastecimento t\u00e9cnico e log\u00edstico Personalized Itineraries \u2013 Planeamento [&hellip;]","og_url":"https:\/\/axisyachtazores.com\/en\/servicos\/","og_site_name":"Yacht Azores","article_modified_time":"2026-03-10T17:47:13+00:00","twitter_card":"summary_large_image","twitter_misc":{"Estimated reading time":"1 minute"},"schema":{"@context":"https:\/\/schema.org","@graph":[{"@type":"WebPage","@id":"https:\/\/axisyachtazores.com\/servicos\/","url":"https:\/\/axisyachtazores.com\/servicos\/","name":"Servi\u00e7os - Yacht Azores","isPartOf":{"@id":"https:\/\/axisyachtazores.com\/#website"},"primaryImageOfPage":{"@id":"https:\/\/axisyachtazores.com\/servicos\/#primaryimage"},"image":{"@id":"https:\/\/axisyachtazores.com\/servicos\/#primaryimage"},"thumbnailUrl":"https:\/\/axisyachtazores.com\/wp-content\/uploads\/2026\/03\/93538072_Waveshapebackground-3-3.svg","datePublished":"2026-03-01T13:18:49+00:00","dateModified":"2026-03-10T17:47:13+00:00","breadcrumb":{"@id":"https:\/\/axisyachtazores.com\/servicos\/#breadcrumb"},"inLanguage":"en-GB","potentialAction":[{"@type":"ReadAction","target":["https:\/\/axisyachtazores.com\/servicos\/"]}]},{"@type":"ImageObject","inLanguage":"en-GB","@id":"https:\/\/axisyachtazores.com\/servicos\/#primaryimage","url":"https:\/\/axisyachtazores.com\/wp-content\/uploads\/2026\/03\/93538072_Waveshapebackground-3-3.svg","contentUrl":"https:\/\/axisyachtazores.com\/wp-content\/uploads\/2026\/03\/93538072_Waveshapebackground-3-3.svg"},{"@type":"BreadcrumbList","@id":"https:\/\/axisyachtazores.com\/servicos\/#breadcrumb","itemListElement":[{"@type":"ListItem","position":1,"name":"Home","item":"https:\/\/axisyachtazores.com\/"},{"@type":"ListItem","position":2,"name":"Servi\u00e7os"}]},{"@type":"WebSite","@id":"https:\/\/axisyachtazores.com\/#website","url":"https:\/\/axisyachtazores.com\/","name":"Yacht Azores","description":"","potentialAction":[{"@type":"SearchAction","target":{"@type":"EntryPoint","urlTemplate":"https:\/\/axisyachtazores.com\/?s={search_term_string}"},"query-input":{"@type":"PropertyValueSpecification","valueRequired":true,"valueName":"search_term_string"}}],"inLanguage":"en-GB"}]}},"_links":{"self":[{"href":"https:\/\/axisyachtazores.com\/en\/wp-json\/wp\/v2\/pages\/20","targetHints":{"allow":["GET"]}}],"collection":[{"href":"https:\/\/axisyachtazores.com\/en\/wp-json\/wp\/v2\/pages"}],"about":[{"href":"https:\/\/axisyachtazores.com\/en\/wp-json\/wp\/v2\/types\/page"}],"author":[{"embeddable":true,"href":"https:\/\/axisyachtazores.com\/en\/wp-json\/wp\/v2\/users\/1"}],"replies":[{"embeddable":true,"href":"https:\/\/axisyachtazores.com\/en\/wp-json\/wp\/v2\/comments?post=20"}],"version-history":[{"count":16,"href":"https:\/\/axisyachtazores.com\/en\/wp-json\/wp\/v2\/pages\/20\/revisions"}],"predecessor-version":[{"id":216,"href":"https:\/\/axisyachtazores.com\/en\/wp-json\/wp\/v2\/pages\/20\/revisions\/216"}],"wp:attachment":[{"href":"https:\/\/axisyachtazores.com\/en\/wp-json\/wp\/v2\/media?parent=20"}],"curies":[{"name":"wp","href":"https:\/\/api.w.org\/{rel}","templated":true}]}}