{"id":24,"date":"2026-03-01T13:19:13","date_gmt":"2026-03-01T13:19:13","guid":{"rendered":"https:\/\/axisyachtazores.com\/?page_id=24"},"modified":"2026-03-10T17:53:24","modified_gmt":"2026-03-10T17:53:24","slug":"experiencias","status":"publish","type":"page","link":"https:\/\/axisyachtazores.com\/en\/experiencias\/","title":{"rendered":"Experiences"},"content":{"rendered":"<div data-elementor-type=\"wp-page\" data-elementor-id=\"24\" class=\"elementor elementor-24\" data-elementor-post-type=\"page\">\n\t\t\t\t<div class=\"elementor-element elementor-element-1666169 e-con-full e-flex e-con e-parent\" data-id=\"1666169\" data-element_type=\"container\" data-e-type=\"container\" data-settings=\"{&quot;background_background&quot;:&quot;classic&quot;}\">\n\t\t\t\t<div class=\"elementor-element elementor-element-60dc3ce elementor-widget elementor-widget-image\" data-id=\"60dc3ce\" data-element_type=\"widget\" data-e-type=\"widget\" data-widget_type=\"image.default\">\n\t\t\t\t\t\t\t\t\t\t\t\t\t\t\t<img fetchpriority=\"high\" decoding=\"async\" width=\"800\" height=\"106\" src=\"https:\/\/axisyachtazores.com\/wp-content\/uploads\/2026\/03\/93538072_Waveshapebackground-3-3.svg\" class=\"attachment-large size-large wp-image-115\" alt=\"\" \/>\t\t\t\t\t\t\t\t\t\t\t\t\t\t\t<\/div>\n\t\t<div class=\"elementor-element elementor-element-d2c4fd7 e-flex e-con-boxed e-con e-child\" data-id=\"d2c4fd7\" data-element_type=\"container\" data-e-type=\"container\" data-settings=\"{&quot;position&quot;:&quot;absolute&quot;,&quot;background_background&quot;:&quot;classic&quot;}\">\n\t\t\t\t\t<div class=\"e-con-inner\">\n\t\t<div class=\"elementor-element elementor-element-0052491 e-con-full e-flex e-con e-child\" data-id=\"0052491\" data-element_type=\"container\" data-e-type=\"container\" data-settings=\"{&quot;background_background&quot;:&quot;classic&quot;}\">\n\t\t\t\t<div class=\"elementor-element elementor-element-5246d9b elementor-widget elementor-widget-heading\" data-id=\"5246d9b\" data-element_type=\"widget\" data-e-type=\"widget\" data-widget_type=\"heading.default\">\n\t\t\t\t\t<h1 class=\"elementor-heading-title elementor-size-default\">Experiences<\/h1>\t\t\t\t<\/div>\n\t\t\t\t<\/div>\n\t\t\t\t\t<\/div>\n\t\t\t\t<\/div>\n\t\t\t\t<\/div>\n\t\t<div class=\"elementor-element elementor-element-e08d5ef e-flex e-con-boxed e-con e-parent\" data-id=\"e08d5ef\" data-element_type=\"container\" data-e-type=\"container\" data-settings=\"{&quot;background_background&quot;:&quot;classic&quot;}\">\n\t\t\t\t\t<div class=\"e-con-inner\">\n\t\t<div class=\"elementor-element elementor-element-7600b5d e-con-full e-flex e-con e-child\" data-id=\"7600b5d\" data-element_type=\"container\" data-e-type=\"container\" data-settings=\"{&quot;background_background&quot;:&quot;gradient&quot;,&quot;position&quot;:&quot;absolute&quot;}\">\n\t\t\t\t<\/div>\n\t\t<div class=\"elementor-element elementor-element-4b29b49 e-con-full e-flex e-con e-child\" data-id=\"4b29b49\" data-element_type=\"container\" data-e-type=\"container\">\n\t\t<div class=\"elementor-element elementor-element-4dadf6f e-con-full e-flex e-con e-child\" data-id=\"4dadf6f\" data-element_type=\"container\" data-e-type=\"container\">\n\t\t\t\t<div class=\"elementor-element elementor-element-2900b6c elementor-widget elementor-widget-text-editor\" data-id=\"2900b6c\" data-element_type=\"widget\" data-e-type=\"widget\" data-widget_type=\"text-editor.default\">\n\t\t\t\t\t\t\t\t\t<h2>Sale of Second Hand Boats<\/h2>\t\t\t\t\t\t\t\t<\/div>\n\t\t\t\t<div class=\"elementor-element elementor-element-4806ccc elementor-widget elementor-widget-text-editor\" data-id=\"4806ccc\" data-element_type=\"widget\" data-e-type=\"widget\" data-widget_type=\"text-editor.default\">\n\t\t\t\t\t\t\t\t\t<p>Specialists in the mediation and sale of used boats.<\/p><p>We assure you:<\/p><ul><li>Technical and commercial evaluation<\/li><li>Structured promotion<\/li><li>Negotiation support<\/li><li>Legal certainty in the transaction<\/li><\/ul><p><br \/>We guarantee transparency and maximize value for both buyers and sellers.<\/p>\t\t\t\t\t\t\t\t<\/div>\n\t\t\t\t<div class=\"elementor-element elementor-element-21c13df elementor-widget elementor-widget-button\" data-id=\"21c13df\" data-element_type=\"widget\" data-e-type=\"widget\" data-widget_type=\"button.default\">\n\t\t\t\t\t\t\t\t\t\t<a class=\"elementor-button elementor-button-link elementor-size-sm\" href=\"\/en\/contactos\/\">\n\t\t\t\t\t\t<span class=\"elementor-button-content-wrapper\">\n\t\t\t\t\t\t<span class=\"elementor-button-icon\">\n\t\t\t\t<svg aria-hidden=\"true\" class=\"e-font-icon-svg e-fas-angle-right\" viewbox=\"0 0 256 512\" xmlns=\"http:\/\/www.w3.org\/2000\/svg\"><path d=\"M224.3 273l-136 136c-9.4 9.4-24.6 9.4-33.9 0l-22.6-22.6c-9.4-9.4-9.4-24.6 0-33.9l96.4-96.4-96.4-96.4c-9.4-9.4-9.4-24.6 0-33.9L54.3 103c9.4-9.4 24.6-9.4 33.9 0l136 136c9.5 9.4 9.5 24.6.1 34z\"><\/path><\/svg>\t\t\t<\/span>\n\t\t\t\t\t\t\t\t\t<span class=\"elementor-button-text\">Learn More<\/span>\n\t\t\t\t\t<\/span>\n\t\t\t\t\t<\/a>\n\t\t\t\t\t\t\t\t<\/div>\n\t\t\t\t<\/div>\n\t\t\t\t<\/div>\n\t\t\t\t\t<\/div>\n\t\t\t\t<\/div>\n\t\t<div class=\"elementor-element elementor-element-b37a9d0 e-flex e-con-boxed e-con e-parent\" data-id=\"b37a9d0\" data-element_type=\"container\" data-e-type=\"container\" data-settings=\"{&quot;background_background&quot;:&quot;classic&quot;}\">\n\t\t\t\t\t<div class=\"e-con-inner\">\n\t\t<div class=\"elementor-element elementor-element-ec2d1ee e-con-full e-flex e-con e-child\" data-id=\"ec2d1ee\" data-element_type=\"container\" data-e-type=\"container\" data-settings=\"{&quot;background_background&quot;:&quot;gradient&quot;,&quot;position&quot;:&quot;absolute&quot;}\">\n\t\t\t\t<\/div>\n\t\t<div class=\"elementor-element elementor-element-2805cc2 e-con-full e-flex e-con e-child\" data-id=\"2805cc2\" data-element_type=\"container\" data-e-type=\"container\">\n\t\t<div class=\"elementor-element elementor-element-2f93241 e-con-full e-flex e-con e-child\" data-id=\"2f93241\" data-element_type=\"container\" data-e-type=\"container\">\n\t\t\t\t<div class=\"elementor-element elementor-element-6fd28a3 elementor-widget elementor-widget-text-editor\" data-id=\"6fd28a3\" data-element_type=\"widget\" data-e-type=\"widget\" data-widget_type=\"text-editor.default\">\n\t\t\t\t\t\t\t\t\t<h2>New Dock Project<\/h2>\t\t\t\t\t\t\t\t<\/div>\n\t\t\t\t<div class=\"elementor-element elementor-element-e5909eb elementor-widget elementor-widget-text-editor\" data-id=\"e5909eb\" data-element_type=\"widget\" data-e-type=\"widget\" data-widget_type=\"text-editor.default\">\n\t\t\t\t\t\t\t\t\t<p>We develop complete projects for new moorings, including:<\/p><ul><li>Technical study<\/li><li>Economic feasibility analysis<\/li><li>Structural planning<\/li><li>Monitoring the implementation<\/li><\/ul><p>We create sustainable, efficient solutions tailored to the specific needs of each location.<\/p>\t\t\t\t\t\t\t\t<\/div>\n\t\t\t\t<div class=\"elementor-element elementor-element-522b19b elementor-widget elementor-widget-button\" data-id=\"522b19b\" data-element_type=\"widget\" data-e-type=\"widget\" data-widget_type=\"button.default\">\n\t\t\t\t\t\t\t\t\t\t<a class=\"elementor-button elementor-button-link elementor-size-sm\" href=\"\/en\/contactos\/\">\n\t\t\t\t\t\t<span class=\"elementor-button-content-wrapper\">\n\t\t\t\t\t\t<span class=\"elementor-button-icon\">\n\t\t\t\t<svg aria-hidden=\"true\" class=\"e-font-icon-svg e-fas-angle-right\" viewbox=\"0 0 256 512\" xmlns=\"http:\/\/www.w3.org\/2000\/svg\"><path d=\"M224.3 273l-136 136c-9.4 9.4-24.6 9.4-33.9 0l-22.6-22.6c-9.4-9.4-9.4-24.6 0-33.9l96.4-96.4-96.4-96.4c-9.4-9.4-9.4-24.6 0-33.9L54.3 103c9.4-9.4 24.6-9.4 33.9 0l136 136c9.5 9.4 9.5 24.6.1 34z\"><\/path><\/svg>\t\t\t<\/span>\n\t\t\t\t\t\t\t\t\t<span class=\"elementor-button-text\">Learn more<\/span>\n\t\t\t\t\t<\/span>\n\t\t\t\t\t<\/a>\n\t\t\t\t\t\t\t\t<\/div>\n\t\t\t\t<\/div>\n\t\t\t\t<\/div>\n\t\t\t\t\t<\/div>\n\t\t\t\t<\/div>\n\t\t<div class=\"elementor-element elementor-element-ae222b8 e-flex e-con-boxed e-con e-parent\" data-id=\"ae222b8\" data-element_type=\"container\" data-e-type=\"container\" data-settings=\"{&quot;background_background&quot;:&quot;classic&quot;}\">\n\t\t\t\t\t<div class=\"e-con-inner\">\n\t\t<div class=\"elementor-element elementor-element-1108827 e-con-full e-flex e-con e-child\" data-id=\"1108827\" data-element_type=\"container\" data-e-type=\"container\" data-settings=\"{&quot;background_background&quot;:&quot;gradient&quot;,&quot;position&quot;:&quot;absolute&quot;}\">\n\t\t\t\t<\/div>\n\t\t<div class=\"elementor-element elementor-element-339ab19 e-con-full e-flex e-con e-child\" data-id=\"339ab19\" data-element_type=\"container\" data-e-type=\"container\">\n\t\t<div class=\"elementor-element elementor-element-b5f3c1d e-con-full e-flex e-con e-child\" data-id=\"b5f3c1d\" data-element_type=\"container\" data-e-type=\"container\">\n\t\t\t\t<div class=\"elementor-element elementor-element-5578c26 elementor-widget elementor-widget-text-editor\" data-id=\"5578c26\" data-element_type=\"widget\" data-e-type=\"widget\" data-widget_type=\"text-editor.default\">\n\t\t\t\t\t\t\t\t\t<h2>Charters<\/h2>\t\t\t\t\t\t\t\t<\/div>\n\t\t\t\t<div class=\"elementor-element elementor-element-e3621d8 elementor-widget elementor-widget-text-editor\" data-id=\"e3621d8\" data-element_type=\"widget\" data-e-type=\"widget\" data-widget_type=\"text-editor.default\">\n\t\t\t\t\t\t\t\t\t<p>We provide charter services tailored to the client's needs, whether for leisure, events, or specific operations.<\/p><p>We guarantee:<\/p><ul><li>Professionalism<\/li><li>Security<\/li><li>Customized planning<\/li><li>Premium experience<\/li><\/ul>\t\t\t\t\t\t\t\t<\/div>\n\t\t\t\t<div class=\"elementor-element elementor-element-6a809bc elementor-widget elementor-widget-button\" data-id=\"6a809bc\" data-element_type=\"widget\" data-e-type=\"widget\" data-widget_type=\"button.default\">\n\t\t\t\t\t\t\t\t\t\t<a class=\"elementor-button elementor-button-link elementor-size-sm\" href=\"\/en\/contactos\/\">\n\t\t\t\t\t\t<span class=\"elementor-button-content-wrapper\">\n\t\t\t\t\t\t<span class=\"elementor-button-icon\">\n\t\t\t\t<svg aria-hidden=\"true\" class=\"e-font-icon-svg e-fas-angle-right\" viewbox=\"0 0 256 512\" xmlns=\"http:\/\/www.w3.org\/2000\/svg\"><path d=\"M224.3 273l-136 136c-9.4 9.4-24.6 9.4-33.9 0l-22.6-22.6c-9.4-9.4-9.4-24.6 0-33.9l96.4-96.4-96.4-96.4c-9.4-9.4-9.4-24.6 0-33.9L54.3 103c9.4-9.4 24.6-9.4 33.9 0l136 136c9.5 9.4 9.5 24.6.1 34z\"><\/path><\/svg>\t\t\t<\/span>\n\t\t\t\t\t\t\t\t\t<span class=\"elementor-button-text\">Learn More<\/span>\n\t\t\t\t\t<\/span>\n\t\t\t\t\t<\/a>\n\t\t\t\t\t\t\t\t<\/div>\n\t\t\t\t<\/div>\n\t\t\t\t<\/div>\n\t\t\t\t\t<\/div>\n\t\t\t\t<\/div>\n\t\t<div class=\"elementor-element elementor-element-57a99eb e-con-full e-flex e-con e-parent\" data-id=\"57a99eb\" data-element_type=\"container\" data-e-type=\"container\">\n\t\t\t\t<div class=\"elementor-element elementor-element-fa346aa elementor-widget elementor-widget-shortcode\" data-id=\"fa346aa\" data-element_type=\"widget\" data-e-type=\"widget\" data-widget_type=\"shortcode.default\">\n\t\t\t\t\t\t\t<div class=\"elementor-shortcode\">\t\t<div data-elementor-type=\"container\" data-elementor-id=\"174\" class=\"elementor elementor-174\" data-elementor-post-type=\"elementor_library\">\n\t\t\t\t<div class=\"elementor-element elementor-element-424ddf53 e-con-full e-flex e-con e-parent\" data-id=\"424ddf53\" data-element_type=\"container\" data-e-type=\"container\">\n\t\t<div class=\"elementor-element elementor-element-7575ec87 e-con-full e-flex e-con e-child\" data-id=\"7575ec87\" data-element_type=\"container\" data-e-type=\"container\" data-settings=\"{&quot;background_background&quot;:&quot;classic&quot;}\">\n\t\t\t\t<\/div>\n\t\t<div class=\"elementor-element elementor-element-3eda8bd5 e-con-full e-flex e-con e-child\" data-id=\"3eda8bd5\" data-element_type=\"container\" data-e-type=\"container\">\n\t\t\t\t<div class=\"elementor-element elementor-element-3bac908d elementor-widget elementor-widget-text-editor\" data-id=\"3bac908d\" data-element_type=\"widget\" data-e-type=\"widget\" data-widget_type=\"text-editor.default\">\n\t\t\t\t\t\t\t\t\t<h2 class=\"translation-block\">Ready to <strong>experience the Azores<\/strong>  from the sea?<\/h2>\t\t\t\t\t\t\t\t<\/div>\n\t\t\t\t<div class=\"elementor-element elementor-element-22eeab4f elementor-widget elementor-widget-text-editor\" data-id=\"22eeab4f\" data-element_type=\"widget\" data-e-type=\"widget\" data-widget_type=\"text-editor.default\">\n\t\t\t\t\t\t\t\t\t<p class=\"translation-block\">Get in touch with us and discover how our <strong>professional services and exclusive experiences<\/strong> can provide unique moments while sailing through the Azores.<\/p>\t\t\t\t\t\t\t\t<\/div>\n\t\t\t\t<div class=\"elementor-element elementor-element-1ebcfba5 elementor-widget elementor-widget-button\" data-id=\"1ebcfba5\" data-element_type=\"widget\" data-e-type=\"widget\" data-widget_type=\"button.default\">\n\t\t\t\t\t\t\t\t\t\t<a class=\"elementor-button elementor-button-link elementor-size-sm\" href=\"\/en\/contactos\/\">\n\t\t\t\t\t\t<span class=\"elementor-button-content-wrapper\">\n\t\t\t\t\t\t<span class=\"elementor-button-icon\">\n\t\t\t\t<svg aria-hidden=\"true\" class=\"e-font-icon-svg e-fas-angle-right\" viewbox=\"0 0 256 512\" xmlns=\"http:\/\/www.w3.org\/2000\/svg\"><path d=\"M224.3 273l-136 136c-9.4 9.4-24.6 9.4-33.9 0l-22.6-22.6c-9.4-9.4-9.4-24.6 0-33.9l96.4-96.4-96.4-96.4c-9.4-9.4-9.4-24.6 0-33.9L54.3 103c9.4-9.4 24.6-9.4 33.9 0l136 136c9.5 9.4 9.5 24.6.1 34z\"><\/path><\/svg>\t\t\t<\/span>\n\t\t\t\t\t\t\t\t\t<span class=\"elementor-button-text\">Contact Us Now<\/span>\n\t\t\t\t\t<\/span>\n\t\t\t\t\t<\/a>\n\t\t\t\t\t\t\t\t<\/div>\n\t\t\t\t<\/div>\n\t\t\t\t<\/div>\n\t\t\t\t<\/div>\n\t\t<\/div>\n\t\t\t\t\t\t<\/div>\n\t\t\t\t<\/div>\n\t\t\t\t<\/div>","protected":false},"excerpt":{"rendered":"<p>Experi\u00eancias Venda de Barcos em Segunda M\u00e3o Especialistas na media\u00e7\u00e3o e comercializa\u00e7\u00e3o de embarca\u00e7\u00f5es usadas. Asseguramos: Avalia\u00e7\u00e3o t\u00e9cnica e comercial Promo\u00e7\u00e3o estruturada Acompanhamento negocial Seguran\u00e7a jur\u00eddica na transa\u00e7\u00e3o Garantimos transpar\u00eancia e maximiza\u00e7\u00e3o de valor para compradores e vendedores. Saiba Mais Projeto de Novos Ancoradouros Desenvolvemos projetos completos para novos ancoradouros, incluindo: Estudo t\u00e9cnico An\u00e1lise de [&hellip;]<\/p>\n","protected":false},"author":1,"featured_media":0,"parent":0,"menu_order":0,"comment_status":"closed","ping_status":"closed","template":"","meta":{"footnotes":""},"class_list":["post-24","page","type-page","status-publish","hentry"],"yoast_head":"<!-- This site is optimized with the Yoast SEO Premium plugin v27.0 (Yoast SEO v27.0) - https:\/\/yoast.com\/product\/yoast-seo-premium-wordpress\/ -->\n<title>Experi\u00eancias - Yacht Azores<\/title>\n<meta name=\"robots\" content=\"index, follow, max-snippet:-1, max-image-preview:large, max-video-preview:-1\" \/>\n<link rel=\"canonical\" href=\"https:\/\/axisyachtazores.com\/en\/experiencias\/\" \/>\n<meta property=\"og:locale\" content=\"en_GB\" \/>\n<meta property=\"og:type\" content=\"article\" \/>\n<meta property=\"og:title\" content=\"Experi\u00eancias\" \/>\n<meta property=\"og:description\" content=\"Experi\u00eancias Venda de Barcos em Segunda M\u00e3o Especialistas na media\u00e7\u00e3o e comercializa\u00e7\u00e3o de embarca\u00e7\u00f5es usadas. Asseguramos: Avalia\u00e7\u00e3o t\u00e9cnica e comercial Promo\u00e7\u00e3o estruturada Acompanhamento negocial Seguran\u00e7a jur\u00eddica na transa\u00e7\u00e3o Garantimos transpar\u00eancia e maximiza\u00e7\u00e3o de valor para compradores e vendedores. Saiba Mais Projeto de Novos Ancoradouros Desenvolvemos projetos completos para novos ancoradouros, incluindo: Estudo t\u00e9cnico An\u00e1lise de [&hellip;]\" \/>\n<meta property=\"og:url\" content=\"https:\/\/axisyachtazores.com\/en\/experiencias\/\" \/>\n<meta property=\"og:site_name\" content=\"Yacht Azores\" \/>\n<meta property=\"article:modified_time\" content=\"2026-03-10T17:53:24+00:00\" \/>\n<meta name=\"twitter:card\" content=\"summary_large_image\" \/>\n<script type=\"application\/ld+json\" class=\"yoast-schema-graph\">{\"@context\":\"https:\/\/schema.org\",\"@graph\":[{\"@type\":\"WebPage\",\"@id\":\"https:\/\/axisyachtazores.com\/experiencias\/\",\"url\":\"https:\/\/axisyachtazores.com\/experiencias\/\",\"name\":\"Experi\u00eancias - Yacht Azores\",\"isPartOf\":{\"@id\":\"https:\/\/axisyachtazores.com\/#website\"},\"primaryImageOfPage\":{\"@id\":\"https:\/\/axisyachtazores.com\/experiencias\/#primaryimage\"},\"image\":{\"@id\":\"https:\/\/axisyachtazores.com\/experiencias\/#primaryimage\"},\"thumbnailUrl\":\"https:\/\/axisyachtazores.com\/wp-content\/uploads\/2026\/03\/93538072_Waveshapebackground-3-3.svg\",\"datePublished\":\"2026-03-01T13:19:13+00:00\",\"dateModified\":\"2026-03-10T17:53:24+00:00\",\"breadcrumb\":{\"@id\":\"https:\/\/axisyachtazores.com\/experiencias\/#breadcrumb\"},\"inLanguage\":\"en-GB\",\"potentialAction\":[{\"@type\":\"ReadAction\",\"target\":[\"https:\/\/axisyachtazores.com\/experiencias\/\"]}]},{\"@type\":\"ImageObject\",\"inLanguage\":\"en-GB\",\"@id\":\"https:\/\/axisyachtazores.com\/experiencias\/#primaryimage\",\"url\":\"https:\/\/axisyachtazores.com\/wp-content\/uploads\/2026\/03\/93538072_Waveshapebackground-3-3.svg\",\"contentUrl\":\"https:\/\/axisyachtazores.com\/wp-content\/uploads\/2026\/03\/93538072_Waveshapebackground-3-3.svg\"},{\"@type\":\"BreadcrumbList\",\"@id\":\"https:\/\/axisyachtazores.com\/experiencias\/#breadcrumb\",\"itemListElement\":[{\"@type\":\"ListItem\",\"position\":1,\"name\":\"Home\",\"item\":\"https:\/\/axisyachtazores.com\/\"},{\"@type\":\"ListItem\",\"position\":2,\"name\":\"Experi\u00eancias\"}]},{\"@type\":\"WebSite\",\"@id\":\"https:\/\/axisyachtazores.com\/#website\",\"url\":\"https:\/\/axisyachtazores.com\/\",\"name\":\"Yacht Azores\",\"description\":\"\",\"potentialAction\":[{\"@type\":\"SearchAction\",\"target\":{\"@type\":\"EntryPoint\",\"urlTemplate\":\"https:\/\/axisyachtazores.com\/?s={search_term_string}\"},\"query-input\":{\"@type\":\"PropertyValueSpecification\",\"valueRequired\":true,\"valueName\":\"search_term_string\"}}],\"inLanguage\":\"en-GB\"}]}<\/script>\n<!-- \/ Yoast SEO Premium plugin. -->","yoast_head_json":{"title":"Experi\u00eancias - Yacht Azores","robots":{"index":"index","follow":"follow","max-snippet":"max-snippet:-1","max-image-preview":"max-image-preview:large","max-video-preview":"max-video-preview:-1"},"canonical":"https:\/\/axisyachtazores.com\/en\/experiencias\/","og_locale":"en_GB","og_type":"article","og_title":"Experi\u00eancias","og_description":"Experi\u00eancias Venda de Barcos em Segunda M\u00e3o Especialistas na media\u00e7\u00e3o e comercializa\u00e7\u00e3o de embarca\u00e7\u00f5es usadas. Asseguramos: Avalia\u00e7\u00e3o t\u00e9cnica e comercial Promo\u00e7\u00e3o estruturada Acompanhamento negocial Seguran\u00e7a jur\u00eddica na transa\u00e7\u00e3o Garantimos transpar\u00eancia e maximiza\u00e7\u00e3o de valor para compradores e vendedores. Saiba Mais Projeto de Novos Ancoradouros Desenvolvemos projetos completos para novos ancoradouros, incluindo: Estudo t\u00e9cnico An\u00e1lise de [&hellip;]","og_url":"https:\/\/axisyachtazores.com\/en\/experiencias\/","og_site_name":"Yacht Azores","article_modified_time":"2026-03-10T17:53:24+00:00","twitter_card":"summary_large_image","schema":{"@context":"https:\/\/schema.org","@graph":[{"@type":"WebPage","@id":"https:\/\/axisyachtazores.com\/experiencias\/","url":"https:\/\/axisyachtazores.com\/experiencias\/","name":"Experi\u00eancias - Yacht Azores","isPartOf":{"@id":"https:\/\/axisyachtazores.com\/#website"},"primaryImageOfPage":{"@id":"https:\/\/axisyachtazores.com\/experiencias\/#primaryimage"},"image":{"@id":"https:\/\/axisyachtazores.com\/experiencias\/#primaryimage"},"thumbnailUrl":"https:\/\/axisyachtazores.com\/wp-content\/uploads\/2026\/03\/93538072_Waveshapebackground-3-3.svg","datePublished":"2026-03-01T13:19:13+00:00","dateModified":"2026-03-10T17:53:24+00:00","breadcrumb":{"@id":"https:\/\/axisyachtazores.com\/experiencias\/#breadcrumb"},"inLanguage":"en-GB","potentialAction":[{"@type":"ReadAction","target":["https:\/\/axisyachtazores.com\/experiencias\/"]}]},{"@type":"ImageObject","inLanguage":"en-GB","@id":"https:\/\/axisyachtazores.com\/experiencias\/#primaryimage","url":"https:\/\/axisyachtazores.com\/wp-content\/uploads\/2026\/03\/93538072_Waveshapebackground-3-3.svg","contentUrl":"https:\/\/axisyachtazores.com\/wp-content\/uploads\/2026\/03\/93538072_Waveshapebackground-3-3.svg"},{"@type":"BreadcrumbList","@id":"https:\/\/axisyachtazores.com\/experiencias\/#breadcrumb","itemListElement":[{"@type":"ListItem","position":1,"name":"Home","item":"https:\/\/axisyachtazores.com\/"},{"@type":"ListItem","position":2,"name":"Experi\u00eancias"}]},{"@type":"WebSite","@id":"https:\/\/axisyachtazores.com\/#website","url":"https:\/\/axisyachtazores.com\/","name":"Yacht Azores","description":"","potentialAction":[{"@type":"SearchAction","target":{"@type":"EntryPoint","urlTemplate":"https:\/\/axisyachtazores.com\/?s={search_term_string}"},"query-input":{"@type":"PropertyValueSpecification","valueRequired":true,"valueName":"search_term_string"}}],"inLanguage":"en-GB"}]}},"_links":{"self":[{"href":"https:\/\/axisyachtazores.com\/en\/wp-json\/wp\/v2\/pages\/24","targetHints":{"allow":["GET"]}}],"collection":[{"href":"https:\/\/axisyachtazores.com\/en\/wp-json\/wp\/v2\/pages"}],"about":[{"href":"https:\/\/axisyachtazores.com\/en\/wp-json\/wp\/v2\/types\/page"}],"author":[{"embeddable":true,"href":"https:\/\/axisyachtazores.com\/en\/wp-json\/wp\/v2\/users\/1"}],"replies":[{"embeddable":true,"href":"https:\/\/axisyachtazores.com\/en\/wp-json\/wp\/v2\/comments?post=24"}],"version-history":[{"count":20,"href":"https:\/\/axisyachtazores.com\/en\/wp-json\/wp\/v2\/pages\/24\/revisions"}],"predecessor-version":[{"id":228,"href":"https:\/\/axisyachtazores.com\/en\/wp-json\/wp\/v2\/pages\/24\/revisions\/228"}],"wp:attachment":[{"href":"https:\/\/axisyachtazores.com\/en\/wp-json\/wp\/v2\/media?parent=24"}],"curies":[{"name":"wp","href":"https:\/\/api.w.org\/{rel}","templated":true}]}}